{"id":742,"date":"2026-04-12T11:03:07","date_gmt":"2026-04-12T09:03:07","guid":{"rendered":"https:\/\/danis-hundesalon.de\/?page_id=742"},"modified":"2026-04-12T19:45:59","modified_gmt":"2026-04-12T17:45:59","slug":"labortests","status":"publish","type":"page","link":"https:\/\/danis-hundesalon.de\/?page_id=742","title":{"rendered":"vetevo &#8211; Erst Testen dann Handeln!"},"content":{"rendered":"<p>[et_pb_section fb_built=&#8220;1&#8243; _builder_version=&#8220;4.14.9&#8243; _module_preset=&#8220;default&#8220; custom_padding=&#8220;||0px|||&#8220; global_colors_info=&#8220;{}&#8220;][et_pb_row _builder_version=&#8220;4.14.9&#8243; _module_preset=&#8220;default&#8220; custom_padding=&#8220;0px|||||&#8220; locked=&#8220;off&#8220; global_colors_info=&#8220;{}&#8220;][et_pb_column type=&#8220;4_4&#8243; _builder_version=&#8220;4.14.9&#8243; _module_preset=&#8220;default&#8220; global_colors_info=&#8220;{}&#8220;][et_pb_text _builder_version=&#8220;4.14.9&#8243; _module_preset=&#8220;default&#8220; text_text_color=&#8220;#000000&#8243; header_2_font=&#8220;|700|||||||&#8220; header_2_text_color=&#8220;#000000&#8243; background_color=&#8220;#90b32f&#8220; module_alignment=&#8220;left&#8220; custom_margin=&#8220;||||false|false&#8220; custom_padding=&#8220;10px|||10px|false|false&#8220; custom_css_main_element=&#8220;display: flex;||align-items: center;&#8220; global_colors_info=&#8220;{}&#8220;]<\/p>\n<h2>vetevo &#8211; Erst Testen dann Handeln!<\/h2>\n<p>[\/et_pb_text][et_pb_divider color=&#8220;#90b32f&#8220; divider_weight=&#8220;3px&#8220; _builder_version=&#8220;4.14.9&#8243; _module_preset=&#8220;default&#8220; global_colors_info=&#8220;{}&#8220;][\/et_pb_divider][\/et_pb_column][\/et_pb_row][\/et_pb_section][et_pb_section fb_built=&#8220;1&#8243; _builder_version=&#8220;4.14.9&#8243; _module_preset=&#8220;default&#8220; link_option_url=&#8220;https:\/\/vetevo.de\/daniela-nessel10371264&#8243; locked=&#8220;off&#8220; global_colors_info=&#8220;{}&#8220;][et_pb_row _builder_version=&#8220;4.14.9&#8243; _module_preset=&#8220;default&#8220; custom_padding=&#8220;|||22px||&#8220; global_colors_info=&#8220;{}&#8220;][et_pb_column type=&#8220;4_4&#8243; _builder_version=&#8220;4.14.9&#8243; _module_preset=&#8220;default&#8220; global_colors_info=&#8220;{}&#8220;][et_pb_text content_tablet=&#8220;<\/p>\n<h2 class=%22max-w-%91400px%93%22 style=%22color: #222222;%22><strong>Das wichtigste bei der Gesundheit <\/strong><\/h2>\n<h2 class=%22max-w-%91400px%93%22 style=%22color: #222222;%22><strong>deines Vierbeiners?<\/strong><\/h2>\n<h2 class=%22max-w-%91400px%93%22 style=%22color: #222222;%22><strong>Bist Du!<\/strong><\/h2>\n<p style=%22text-align: justify;%22><strong>Die Tiergesundheit mit Herz und Verstand!<\/strong><\/p>\n<p><strong>Welcher Test passt zu Zeit zu eure Situation?<\/strong><\/p>\n<p><strong>Ob<\/strong><\/p>\n<p><strong>Wurmtest, Allergietest oder Darmflora-Test oder DNA-Test oder oder&#8230;<\/strong><\/p>\n<p><span style=%22text-decoration: underline;%22><strong>Meine  Mission<\/strong><\/span><\/p>\n<div class=%22text-body-1 max-w-%91400px%93%22 style=%22color: #474747;%22>\n<p><strong>Ich glaube an moderne und intuitive L\u00f6sungen, die euch Tierbesitzer bei der <\/strong><\/p>\n<p><strong>t\u00e4glichen Gesundheitsvorsorge unterst\u00fctzen kann.<\/strong><\/p>\n<p><strong><\/strong><\/p>\n<h2 class=%22max-w-%91400px%93%22 style=%22color: #222222;%22><\/h2>\n<div class=%22text-body-1 max-w-%91400px%93%22 style=%22color: #474747;%22>\n<p>Ich glaube, Tieren ein langes und gesundes Leben zu schenken ist einfacher als die meisten denken. Du den gr\u00f6\u00dften Einfluss auf das Wohlbefinden deines Lieblings indem du an 365 Tagen im Jahr die richtigen Entscheidungen bei der Gesundheit und 100 % artgerechten Ern\u00e4hrung deines Vierbeiners triffst und tust, was richtig und gut f\u00fcr ihn ist.<\/p>\n<p><strong>Ich m\u00f6chte Dich dabei unterst\u00fctzen!<\/strong><\/p>\n<p><strong>Doch wie sieht die bestm\u00f6gliche Gesundheitsvorsorge und Ern\u00e4hrung von Hunden, Katzen aus? <\/strong><\/p>\n<p><strong>Um daf\u00fcr die Antwort zu finden, bin ich f\u00fcr euch da und Arbeite darum mit diesem Labor zusammen. <\/strong><\/p>\n<p><strong>&#8211; Welchen N\u00e4hrstoffbedarf braucht mein Hunde, oder meine Katze und wie ver\u00e4ndert sich dieser mit steigendem Alter? <\/strong><\/p>\n<p><strong>&#8211; Wie kann man eine gute Vorsorge und die richtige Ern\u00e4hrung gegen Krankheiten, Allergien und \u00dcbergewicht vorbeugen? <\/strong><\/p>\n<p><strong>&#8211; Und wie erkenne ich Unvertr\u00e4glichkeiten oder Probleme im Verdauungstrakt?<\/strong><\/p>\n<p><strong>Sprecht mich an &#8211; ich bin immer f\u00fcr euch da! <\/strong><\/p>\n<p><img src=%22https:\/\/danis-hundesalon.de\/wp-content\/uploads\/2026\/04\/931d271aafc5850b33b7a9a1a380b8b1_vetevo-Favicon-vetevo-zeichen-300x300.jpg%22 width=%22300%22 height=%22300%22 alt=%22%22 class=%22wp-image-888 alignnone size-medium%22 \/><\/p>\n<\/div>\n<\/div>\n<p>&#8220; content_phone=&#8220;<\/p>\n<h2 class=%22max-w-%91400px%93%22 style=%22color: #222222;%22><strong>Das wichtigste bei der Gesundheit <\/strong><\/h2>\n<h2 class=%22max-w-%91400px%93%22 style=%22color: #222222;%22><strong>deines Vierbeiners?<\/strong><\/h2>\n<h2 class=%22max-w-%91400px%93%22 style=%22color: #222222;%22><strong>Bist Du!<\/strong><\/h2>\n<p style=%22text-align: justify;%22><strong>Die Tiergesundheit mit Herz und Verstand!<\/strong><\/p>\n<p><strong>Welcher Test passt zu Zeit zu eure Situation?<\/strong><\/p>\n<p><strong>Ob<\/strong><\/p>\n<p><strong>Wurmtest, Allergietest oder Darmflora-Test oder DNA-Test oder oder&#8230;<\/strong><\/p>\n<p><span style=%22text-decoration: underline;%22><strong>Meine  Mission<\/strong><\/span><\/p>\n<div class=%22text-body-1 max-w-%91400px%93%22 style=%22color: #474747;%22>\n<p><strong>Ich glaube an moderne und intuitive L\u00f6sungen, die euch Tierbesitzer bei der <\/strong><\/p>\n<p><strong>t\u00e4glichen Gesundheitsvorsorge unterst\u00fctzen kann.<\/strong><\/p>\n<p><strong><\/strong><\/p>\n<h2 class=%22max-w-%91400px%93%22 style=%22color: #222222;%22><\/h2>\n<div class=%22text-body-1 max-w-%91400px%93%22 style=%22color: #474747;%22>\n<p>Ich glaube, Tieren ein langes und gesundes Leben zu schenken ist einfacher als die meisten denken. Du den gr\u00f6\u00dften Einfluss auf das Wohlbefinden deines Lieblings indem du an 365 Tagen im Jahr die richtigen Entscheidungen bei der Gesundheit und 100 % artgerechten Ern\u00e4hrung deines Vierbeiners triffst und tust, was richtig und gut f\u00fcr ihn ist.<\/p>\n<p><strong>Ich m\u00f6chte Dich dabei unterst\u00fctzen!<\/strong><\/p>\n<p><strong>Doch wie sieht die bestm\u00f6gliche Gesundheitsvorsorge und Ern\u00e4hrung von Hunden, Katzen aus? <\/strong><\/p>\n<p><strong>Um daf\u00fcr die Antwort zu finden, bin ich f\u00fcr euch da und Arbeite darum mit diesem Labor zusammen. <\/strong><\/p>\n<p><strong>&#8211; Welchen N\u00e4hrstoffbedarf braucht mein Hunde, oder meine Katze und wie ver\u00e4ndert sich dieser mit steigendem Alter? <\/strong><\/p>\n<p><strong>&#8211; Wie kann man eine gute Vorsorge und die richtige Ern\u00e4hrung gegen Krankheiten, Allergien und \u00dcbergewicht vorbeugen? <\/strong><\/p>\n<p><strong>&#8211; Und wie erkenne ich Unvertr\u00e4glichkeiten oder Probleme im Verdauungstrakt?<\/strong><\/p>\n<p><strong>Sprecht mich an &#8211; ich bin immer f\u00fcr euch da! <\/strong><\/p>\n<p><img src=%22https:\/\/danis-hundesalon.de\/wp-content\/uploads\/2026\/04\/931d271aafc5850b33b7a9a1a380b8b1_vetevo-Favicon-vetevo-zeichen-300x300.jpg%22 width=%22300%22 height=%22300%22 alt=%22%22 class=%22wp-image-888 alignnone size-medium%22 \/><\/p>\n<\/div>\n<\/div>\n<p>&#8220; content_last_edited=&#8220;on|desktop&#8220; _builder_version=&#8220;4.14.9&#8243; _module_preset=&#8220;default&#8220; custom_padding=&#8220;||0px|||&#8220; link_option_url=&#8220;https:\/\/vetevo.de\/daniela-nessel10371264&#8243; global_colors_info=&#8220;{}&#8220;]<\/p>\n<h2 class=\"max-w-[400px]\" style=\"color: #222222;\"><strong><img loading=\"lazy\" decoding=\"async\" src=\"https:\/\/danis-hundesalon.de\/wp-content\/uploads\/2026\/04\/vetevo-Bild-Test-zu-gesundheit-300x169.jpeg\" width=\"300\" height=\"169\" alt=\"\" class=\"wp-image-894 alignnone size-medium\" \/><\/strong><\/h2>\n<h2 class=\"max-w-[400px]\" style=\"color: #222222;\"><strong>Das wichtigste bei der Gesundheit <\/strong><\/h2>\n<h2 class=\"max-w-[400px]\" style=\"color: #222222;\"><strong>deines Vierbeiners?<\/strong><\/h2>\n<h2 class=\"max-w-[400px]\" style=\"color: #222222;\"><strong>Bist Du!<\/strong><\/h2>\n<p style=\"text-align: justify;\"><strong>Die Tiergesundheit mit Herz und Verstand!<\/strong><\/p>\n<p><strong>Welcher Test passt zu eurer Situation?<\/strong><\/p>\n<p><strong>Ob<\/strong><\/p>\n<p><strong>Wurmtest, Allergietest oder Darmflora-Test oder DNA-Test oder oder&#8230;<\/strong><\/p>\n<p><strong><span style=\"text-decoration: underline;\">Meine\u00a0 Mission<\/span><\/strong><\/p>\n<div class=\"text-body-1 max-w-[400px]\" style=\"color: #474747;\">\n<p><strong>Ich glaube an moderne und intuitive L\u00f6sungen, die euch Tierbesitzer bei der <\/strong><\/p>\n<p><strong>t\u00e4glichen Gesundheitsvorsorge unterst\u00fctzen kann.<\/strong><\/p>\n<p><strong><\/strong><\/p>\n<h2 class=\"max-w-[400px]\" style=\"color: #222222;\"><\/h2>\n<div class=\"text-body-1 max-w-[400px]\" style=\"color: #474747;\">\n<p>Ich glaube, Tieren ein langes und gesundes Leben zu schenken ist einfacher als die meisten denken. Du den gr\u00f6\u00dften Einfluss auf das Wohlbefinden deines Lieblings indem du an 365 Tagen im Jahr die richtigen Entscheidungen bei der Gesundheit und 100 % artgerechten Ern\u00e4hrung deines Vierbeiners triffst und tust, was richtig und gut f\u00fcr ihn ist.<\/p>\n<p><strong>Ich m\u00f6chte Dich dabei unterst\u00fctzen!<\/strong><\/p>\n<p><strong>Doch wie sieht die bestm\u00f6gliche Gesundheitsvorsorge und Ern\u00e4hrung von Hunden, Katzen aus?\u00a0<\/strong><\/p>\n<p><strong>Um daf\u00fcr die Antwort zu finden, bin ich f\u00fcr euch da und Arbeite darum mit diesem Labor zusammen.\u00a0<\/strong><\/p>\n<p><strong>&#8211; Welchen N\u00e4hrstoffbedarf braucht mein Hunde, oder meine Katze und wie ver\u00e4ndert sich dieser mit steigendem Alter? <\/strong><\/p>\n<p><strong>&#8211; Wie kann man eine gute Vorsorge und die richtige Ern\u00e4hrung gegen Krankheiten, Allergien und \u00dcbergewicht vorbeugen? <\/strong><\/p>\n<p><strong>&#8211; Und wie erkenne ich Unvertr\u00e4glichkeiten oder Probleme im Verdauungstrakt?<\/strong><\/p>\n<p><strong>Sprecht mich an &#8211; ich bin immer f\u00fcr euch da!\u00a0<\/strong><\/p>\n<p><img loading=\"lazy\" decoding=\"async\" src=\"https:\/\/danis-hundesalon.de\/wp-content\/uploads\/2026\/04\/931d271aafc5850b33b7a9a1a380b8b1_vetevo-Favicon-vetevo-zeichen-300x300.jpg\" width=\"300\" height=\"300\" alt=\"\" class=\"wp-image-888 alignnone size-medium\" \/><\/p>\n<\/div>\n<\/div>\n<p>[\/et_pb_text][\/et_pb_column][\/et_pb_row][\/et_pb_section][et_pb_section fb_built=&#8220;1&#8243; _builder_version=&#8220;4.14.9&#8243; _module_preset=&#8220;default&#8220; custom_padding=&#8220;0px|||||&#8220; locked=&#8220;off&#8220; global_colors_info=&#8220;{}&#8220;][et_pb_row _builder_version=&#8220;4.14.9&#8243; _module_preset=&#8220;default&#8220; global_colors_info=&#8220;{}&#8220;][et_pb_column type=&#8220;4_4&#8243; _builder_version=&#8220;4.14.9&#8243; _module_preset=&#8220;default&#8220; global_colors_info=&#8220;{}&#8220;][et_pb_divider color=&#8220;#90b32f&#8220; divider_weight=&#8220;2px&#8220; _builder_version=&#8220;4.14.9&#8243; _module_preset=&#8220;default&#8220; global_colors_info=&#8220;{}&#8220;][\/et_pb_divider][\/et_pb_column][\/et_pb_row][\/et_pb_section]<\/p>\n","protected":false},"excerpt":{"rendered":"<p>vetevo &#8211; Erst Testen dann Handeln! Das wichtigste bei der Gesundheit deines Vierbeiners? Bist Du! Die Tiergesundheit mit Herz und Verstand! Welcher Test passt zu eurer Situation? Ob Wurmtest, Allergietest oder Darmflora-Test oder DNA-Test oder oder&#8230; Meine\u00a0 Mission Ich glaube an moderne und intuitive L\u00f6sungen, die euch Tierbesitzer bei der t\u00e4glichen Gesundheitsvorsorge unterst\u00fctzen kann. Ich [&hellip;]<\/p>\n","protected":false},"author":2,"featured_media":888,"parent":49,"menu_order":1,"comment_status":"closed","ping_status":"closed","template":"","meta":{"_et_pb_use_builder":"on","_et_pb_old_content":"","_et_gb_content_width":"","footnotes":""},"class_list":["post-742","page","type-page","status-publish","has-post-thumbnail","hentry"],"_links":{"self":[{"href":"https:\/\/danis-hundesalon.de\/index.php?rest_route=\/wp\/v2\/pages\/742","targetHints":{"allow":["GET"]}}],"collection":[{"href":"https:\/\/danis-hundesalon.de\/index.php?rest_route=\/wp\/v2\/pages"}],"about":[{"href":"https:\/\/danis-hundesalon.de\/index.php?rest_route=\/wp\/v2\/types\/page"}],"author":[{"embeddable":true,"href":"https:\/\/danis-hundesalon.de\/index.php?rest_route=\/wp\/v2\/users\/2"}],"replies":[{"embeddable":true,"href":"https:\/\/danis-hundesalon.de\/index.php?rest_route=%2Fwp%2Fv2%2Fcomments&post=742"}],"version-history":[{"count":18,"href":"https:\/\/danis-hundesalon.de\/index.php?rest_route=\/wp\/v2\/pages\/742\/revisions"}],"predecessor-version":[{"id":917,"href":"https:\/\/danis-hundesalon.de\/index.php?rest_route=\/wp\/v2\/pages\/742\/revisions\/917"}],"up":[{"embeddable":true,"href":"https:\/\/danis-hundesalon.de\/index.php?rest_route=\/wp\/v2\/pages\/49"}],"wp:featuredmedia":[{"embeddable":true,"href":"https:\/\/danis-hundesalon.de\/index.php?rest_route=\/wp\/v2\/media\/888"}],"wp:attachment":[{"href":"https:\/\/danis-hundesalon.de\/index.php?rest_route=%2Fwp%2Fv2%2Fmedia&parent=742"}],"curies":[{"name":"wp","href":"https:\/\/api.w.org\/{rel}","templated":true}]}}