{"id":625,"date":"2024-02-26T13:30:52","date_gmt":"2024-02-26T12:30:52","guid":{"rendered":"https:\/\/danis-hundesalon.de\/?page_id=625"},"modified":"2025-10-22T14:16:17","modified_gmt":"2025-10-22T12:16:17","slug":"hydroxil-wundpflege-200ml","status":"publish","type":"page","link":"https:\/\/danis-hundesalon.de\/?page_id=625","title":{"rendered":"HYDROXIL Wundpflege 200ml"},"content":{"rendered":"<p>[et_pb_section fb_built=&#8220;1&#8243; admin_label=&#8220;section&#8220; _builder_version=&#8220;3.22&#8243; global_colors_info=&#8220;{}&#8220;][et_pb_row admin_label=&#8220;row&#8220; _builder_version=&#8220;3.25&#8243; background_size=&#8220;initial&#8220; background_position=&#8220;top_left&#8220; background_repeat=&#8220;repeat&#8220; global_colors_info=&#8220;{}&#8220; column_structure=&#8220;3_4,1_4&#8243;][et_pb_column type=&#8220;3_4&#8243; _builder_version=&#8220;3.25&#8243; custom_padding=&#8220;|||&#8220; global_colors_info=&#8220;{}&#8220; custom_padding__hover=&#8220;|||&#8220;][et_pb_text admin_label=&#8220;Text&#8220; _builder_version=&#8220;3.27.4&#8243; background_size=&#8220;initial&#8220; background_position=&#8220;top_left&#8220; background_repeat=&#8220;repeat&#8220; global_colors_info=&#8220;{}&#8220;]<\/p>\n<p><span style=\"text-decoration: underline;\"><span style=\"font-size: xx-large; font-family: 'Open Sans', sans-serif; color: #525252; text-decoration: underline;\">Hydroxil Wund-Pflege<\/span><\/span><\/p>\n<p style=\"margin-top: 0cm; background: white; box-sizing: border-box; margin-bottom: 1rem; font-variant-ligatures: normal; font-variant-caps: normal; orphans: 2; widows: 2; -webkit-text-stroke-width: 0px; text-decoration-thickness: initial; text-decoration-style: initial; text-decoration-color: initial; word-spacing: 0px;\"><span style=\"font-size: medium;\"><b><span style=\"font-family: 'Open Sans', sans-serif; color: #525252;\">Zum Einsatz bei Wunden oder Hautreizungen bei allen Haustieren sowie in der Hobby- und Tierzucht.<\/span><\/b><\/span><\/p>\n<p style=\"margin-top: 0cm; background: white; box-sizing: border-box; margin-bottom: 1rem; font-variant-ligatures: normal; font-variant-caps: normal; orphans: 2; widows: 2; -webkit-text-stroke-width: 0px; text-decoration-thickness: initial; text-decoration-style: initial; text-decoration-color: initial; word-spacing: 0px;\"><span style=\"font-size: 10.5pt; font-family: 'Open Sans',sans-serif; color: #525252;\"><\/span><span style=\"font-size: medium;\"><span style=\"font-family: 'Segoe UI Emoji', sans-serif; color: #525252;\">\u2705<\/span><span style=\"font-family: 'Open Sans', sans-serif; color: #525252;\"> Zur Reinigung und Pflege von Wundbereichen<br \/><\/span><span style=\"font-family: 'Segoe UI Emoji', sans-serif; color: #525252;\">\u2705<\/span><span style=\"font-family: 'Open Sans', sans-serif; color: #525252;\"> Schmerzfreie Anwendung<br \/><\/span><span style=\"font-family: 'Segoe UI Emoji', sans-serif; color: #525252;\">\u2705<\/span><span style=\"font-family: 'Open Sans', sans-serif; color: #525252;\"> Ohne Zusatzstoffe, Phenole, Tenside oder Farbstoffe<br \/><\/span><span style=\"font-family: 'Segoe UI Emoji', sans-serif; color: #525252;\">\u2705<\/span><span style=\"font-family: 'Open Sans', sans-serif; color: #525252;\"> 0% Alkohol, nicht brennbar<br \/><\/span><span style=\"font-family: 'Segoe UI Emoji', sans-serif; color: #525252;\">\u2705<\/span><span style=\"font-family: 'Open Sans', sans-serif; color: #525252;\"> Farb- und geruchslos<br \/><\/span><span style=\"font-family: 'Segoe UI Emoji', sans-serif; color: #525252;\">\u2705<\/span><span style=\"font-family: 'Open Sans', sans-serif; color: #525252;\"> Wirkt gegen 99,99%* der Bakterien, Keime, Viren, Sporen und Hefepilze<\/span><\/span><\/p>\n<p style=\"margin-top: 0cm; background: white; box-sizing: border-box; margin-bottom: 1rem; font-variant-ligatures: normal; font-variant-caps: normal; orphans: 2; widows: 2; -webkit-text-stroke-width: 0px; text-decoration-thickness: initial; text-decoration-style: initial; text-decoration-color: initial; word-spacing: 0px;\"><span style=\"font-size: medium; font-family: 'Open Sans', sans-serif; color: #525252;\">HYDROXIL Hygiene &amp; Desinfektion ist ein alkoholfreies Desinfektionsmittel zur Oberfl\u00e4chendesinfektion. Es ist ohne Zusatzstoffe, nicht brennbar und unterliegt keiner Gefahrstoffeinstufung lt. CLP-Verordnung 1272\/2008.<\/span><\/p>\n<p style=\"margin-top: 0cm; background: white; box-sizing: border-box; margin-bottom: 1rem; font-variant-ligatures: normal; font-variant-caps: normal; orphans: 2; widows: 2; -webkit-text-stroke-width: 0px; text-decoration-thickness: initial; text-decoration-style: initial; text-decoration-color: initial; word-spacing: 0px;\"><span style=\"font-size: medium; font-family: 'Open Sans', sans-serif; color: #525252;\">Hypochlorige S\u00e4ure &#8211; das nat\u00fcrliche Desinfektionsmittel HOCl wird auch in den wei\u00dfen Blutk\u00f6rperchen aller S\u00e4ugetiere produziert, um Infektionen zu bek\u00e4mpfen, die durch eine Vielzahl von Mikroorganismen verursacht werden. Es ist ein wichtiger Teil unseres Immunsystems. Hypochlorige S\u00e4ure hat eine bakterizide und viruzide Wirkung, was bedeutet, dass sie Bakterien und Viren abt\u00f6tet, und nicht nur schw\u00e4cht oder zur\u00fcckh\u00e4lt.<\/span><\/p>\n<p style=\"margin-top: 0cm; background: white; box-sizing: border-box; margin-bottom: 1rem; font-variant-ligatures: normal; font-variant-caps: normal; orphans: 2; widows: 2; -webkit-text-stroke-width: 0px; text-decoration-thickness: initial; text-decoration-style: initial; text-decoration-color: initial; word-spacing: 0px;\"><span style=\"font-size: medium; font-family: 'Open Sans', sans-serif; color: #525252;\">Aktiver Wirkstoff: aus Hypochlors\u00e4ure (0,05g\/100g) freigesetztes Aktivchlor. Fl\u00fcssigkonzentrat &#8211; BAuA-Nr.: N-95701.<\/span><\/p>\n<p style=\"margin-top: 0cm; background: white; box-sizing: border-box; margin-bottom: 1rem; font-variant-ligatures: normal; font-variant-caps: normal; orphans: 2; widows: 2; -webkit-text-stroke-width: 0px; text-decoration-thickness: initial; text-decoration-style: initial; text-decoration-color: initial; word-spacing: 0px;\"><span style=\"font-size: 10.5pt; font-family: 'Open Sans',sans-serif; color: #525252;\">\u00a0<\/span><\/p>\n<p>[\/et_pb_text][\/et_pb_column][et_pb_column type=&#8220;1_4&#8243; _builder_version=&#8220;3.25&#8243; custom_padding=&#8220;|||&#8220; global_colors_info=&#8220;{}&#8220; custom_padding__hover=&#8220;|||&#8220;][et_pb_button button_text=&#8220;Hydroxil &#8211; Wundpflege&#8220; _builder_version=&#8220;4.14.9&#8243; _module_preset=&#8220;default&#8220; hover_enabled=&#8220;0&#8243; sticky_enabled=&#8220;0&#8243; custom_margin=&#8220;200px||||false|false&#8220; button_url=&#8220;https:\/\/shop.q-life.world\/HYDROXIL-Wundpflege-200ml&#8220;][\/et_pb_button][\/et_pb_column][\/et_pb_row][\/et_pb_section]<\/p>\n","protected":false},"excerpt":{"rendered":"<p>Hydroxil Wund-Pflege Zum Einsatz bei Wunden oder Hautreizungen bei allen Haustieren sowie in der Hobby- und Tierzucht. \u2705 Zur Reinigung und Pflege von Wundbereichen\u2705 Schmerzfreie Anwendung\u2705 Ohne Zusatzstoffe, Phenole, Tenside oder Farbstoffe\u2705 0% Alkohol, nicht brennbar\u2705 Farb- und geruchslos\u2705 Wirkt gegen 99,99%* der Bakterien, Keime, Viren, Sporen und Hefepilze HYDROXIL Hygiene &amp; Desinfektion ist ein [&hellip;]<\/p>\n","protected":false},"author":2,"featured_media":0,"parent":0,"menu_order":0,"comment_status":"closed","ping_status":"closed","template":"","meta":{"_et_pb_use_builder":"on","_et_pb_old_content":"<p style=\"margin-top: 0cm; background: white;\"><span style=\"font-size: 10.5pt; font-family: 'Open Sans',sans-serif; color: #525252;\">Hydroxil Wund-Pflege<\/span><\/p>\r\n<p style=\"margin-top: 0cm; background: white; box-sizing: border-box; margin-bottom: 1rem; font-variant-ligatures: normal; font-variant-caps: normal; orphans: 2; widows: 2; -webkit-text-stroke-width: 0px; text-decoration-thickness: initial; text-decoration-style: initial; text-decoration-color: initial; word-spacing: 0px;\"><b><span style=\"font-size: 10.5pt; font-family: 'Open Sans',sans-serif; color: #525252;\">Zum Einsatz bei Wunden oder Hautreizungen bei allen Haustieren sowie in der Hobby- und Tierzucht.<\/span><\/b><\/p>\r\n<p style=\"margin-top: 0cm; background: white; box-sizing: border-box; margin-bottom: 1rem; font-variant-ligatures: normal; font-variant-caps: normal; orphans: 2; widows: 2; -webkit-text-stroke-width: 0px; text-decoration-thickness: initial; text-decoration-style: initial; text-decoration-color: initial; word-spacing: 0px;\"><span style=\"font-size: 10.5pt; font-family: 'Open Sans',sans-serif; color: #525252;\">\r\n<\/span><span style=\"font-size: 10.5pt; font-family: 'Segoe UI Emoji',sans-serif; color: #525252;\">\u2705<\/span><span style=\"font-size: 10.5pt; font-family: 'Open Sans',sans-serif; color: #525252;\"> Zur Reinigung und Pflege von Wundbereichen\r\n<\/span><span style=\"font-size: 10.5pt; font-family: 'Segoe UI Emoji',sans-serif; color: #525252;\">\u2705<\/span><span style=\"font-size: 10.5pt; font-family: 'Open Sans',sans-serif; color: #525252;\"> Schmerzfreie Anwendung\r\n<\/span><span style=\"font-size: 10.5pt; font-family: 'Segoe UI Emoji',sans-serif; color: #525252;\">\u2705<\/span><span style=\"font-size: 10.5pt; font-family: 'Open Sans',sans-serif; color: #525252;\"> Ohne Zusatzstoffe, Phenole, Tenside oder Farbstoffe\r\n<\/span><span style=\"font-size: 10.5pt; font-family: 'Segoe UI Emoji',sans-serif; color: #525252;\">\u2705<\/span><span style=\"font-size: 10.5pt; font-family: 'Open Sans',sans-serif; color: #525252;\"> 0% Alkohol, nicht brennbar\r\n<\/span><span style=\"font-size: 10.5pt; font-family: 'Segoe UI Emoji',sans-serif; color: #525252;\">\u2705<\/span><span style=\"font-size: 10.5pt; font-family: 'Open Sans',sans-serif; color: #525252;\"> Farb- und geruchslos\r\n<\/span><span style=\"font-size: 10.5pt; font-family: 'Segoe UI Emoji',sans-serif; color: #525252;\">\u2705<\/span><span style=\"font-size: 10.5pt; font-family: 'Open Sans',sans-serif; color: #525252;\"> Wirkt gegen 99,99%* der Bakterien, Keime, Viren, Sporen und Hefepilze<\/span><\/p>\r\n<p style=\"margin-top: 0cm; background: white; box-sizing: border-box; margin-bottom: 1rem; font-variant-ligatures: normal; font-variant-caps: normal; orphans: 2; widows: 2; -webkit-text-stroke-width: 0px; text-decoration-thickness: initial; text-decoration-style: initial; text-decoration-color: initial; word-spacing: 0px;\"><span style=\"font-size: 10.5pt; font-family: 'Open Sans',sans-serif; color: #525252;\">HYDROXIL Hygiene &amp; Desinfektion ist ein alkoholfreies Desinfektionsmittel zur Oberfl\u00e4chendesinfektion. Es ist ohne Zusatzstoffe, nicht brennbar und unterliegt keiner Gefahrstoffeinstufung lt. CLP-Verordnung 1272\/2008.<\/span><\/p>\r\n<p style=\"margin-top: 0cm; background: white; box-sizing: border-box; margin-bottom: 1rem; font-variant-ligatures: normal; font-variant-caps: normal; orphans: 2; widows: 2; -webkit-text-stroke-width: 0px; text-decoration-thickness: initial; text-decoration-style: initial; text-decoration-color: initial; word-spacing: 0px;\"><span style=\"font-size: 10.5pt; font-family: 'Open Sans',sans-serif; color: #525252;\">Hypochlorige S\u00e4ure - das nat\u00fcrliche Desinfektionsmittel HOCl wird auch in den wei\u00dfen Blutk\u00f6rperchen aller S\u00e4ugetiere produziert, um Infektionen zu bek\u00e4mpfen, die durch eine Vielzahl von Mikroorganismen verursacht werden. Es ist ein wichtiger Teil unseres Immunsystems. Hypochlorige S\u00e4ure hat eine bakterizide und viruzide Wirkung, was bedeutet, dass sie Bakterien und Viren abt\u00f6tet, und nicht nur schw\u00e4cht oder zur\u00fcckh\u00e4lt.<\/span><\/p>\r\n<p style=\"margin-top: 0cm; background: white; box-sizing: border-box; margin-bottom: 1rem; font-variant-ligatures: normal; font-variant-caps: normal; orphans: 2; widows: 2; -webkit-text-stroke-width: 0px; text-decoration-thickness: initial; text-decoration-style: initial; text-decoration-color: initial; word-spacing: 0px;\"><span style=\"font-size: 10.5pt; font-family: 'Open Sans',sans-serif; color: #525252;\">Aktiver Wirkstoff: aus Hypochlors\u00e4ure (0,05g\/100g) freigesetztes Aktivchlor. Fl\u00fcssigkonzentrat - BAuA-Nr.: N-95701.<\/span><\/p>\r\n<p style=\"margin-top: 0cm; background: white; box-sizing: border-box; margin-bottom: 1rem; font-variant-ligatures: normal; font-variant-caps: normal; orphans: 2; widows: 2; -webkit-text-stroke-width: 0px; text-decoration-thickness: initial; text-decoration-style: initial; text-decoration-color: initial; word-spacing: 0px;\"><span style=\"font-size: 10.5pt; font-family: 'Open Sans',sans-serif; color: #525252;\">\u00a0<\/span><\/p>","_et_gb_content_width":"","footnotes":""},"class_list":["post-625","page","type-page","status-publish","hentry"],"_links":{"self":[{"href":"https:\/\/danis-hundesalon.de\/index.php?rest_route=\/wp\/v2\/pages\/625","targetHints":{"allow":["GET"]}}],"collection":[{"href":"https:\/\/danis-hundesalon.de\/index.php?rest_route=\/wp\/v2\/pages"}],"about":[{"href":"https:\/\/danis-hundesalon.de\/index.php?rest_route=\/wp\/v2\/types\/page"}],"author":[{"embeddable":true,"href":"https:\/\/danis-hundesalon.de\/index.php?rest_route=\/wp\/v2\/users\/2"}],"replies":[{"embeddable":true,"href":"https:\/\/danis-hundesalon.de\/index.php?rest_route=%2Fwp%2Fv2%2Fcomments&post=625"}],"version-history":[{"count":4,"href":"https:\/\/danis-hundesalon.de\/index.php?rest_route=\/wp\/v2\/pages\/625\/revisions"}],"predecessor-version":[{"id":813,"href":"https:\/\/danis-hundesalon.de\/index.php?rest_route=\/wp\/v2\/pages\/625\/revisions\/813"}],"wp:attachment":[{"href":"https:\/\/danis-hundesalon.de\/index.php?rest_route=%2Fwp%2Fv2%2Fmedia&parent=625"}],"curies":[{"name":"wp","href":"https:\/\/api.w.org\/{rel}","templated":true}]}}