{"id":577,"date":"2024-02-22T15:52:30","date_gmt":"2024-02-22T14:52:30","guid":{"rendered":"https:\/\/danis-hundesalon.de\/?page_id=577"},"modified":"2024-02-26T14:32:38","modified_gmt":"2024-02-26T13:32:38","slug":"aloevera-fuer-hunde-tiere-herrchen","status":"publish","type":"page","link":"https:\/\/danis-hundesalon.de\/?page_id=577","title":{"rendered":"Wasser \/ AloeVera f\u00fcr Hunde (Tiere) &#038; Herrchen"},"content":{"rendered":"<p>[et_pb_section fb_built=&#8220;1&#8243; _builder_version=&#8220;4.14.9&#8243; _module_preset=&#8220;default&#8220; custom_padding=&#8220;||0px|||&#8220; global_colors_info=&#8220;{}&#8220;][et_pb_row _builder_version=&#8220;4.14.9&#8243; _module_preset=&#8220;default&#8220; custom_padding=&#8220;0px|||||&#8220; locked=&#8220;off&#8220; global_colors_info=&#8220;{}&#8220;][et_pb_column type=&#8220;4_4&#8243; _builder_version=&#8220;4.14.9&#8243; _module_preset=&#8220;default&#8220; global_colors_info=&#8220;{}&#8220;][et_pb_text _builder_version=&#8220;4.14.9&#8243; _module_preset=&#8220;default&#8220; text_text_color=&#8220;#000000&#8243; header_2_font=&#8220;|700|||||||&#8220; header_2_text_color=&#8220;#000000&#8243; background_color=&#8220;#90b32f&#8220; module_alignment=&#8220;left&#8220; custom_margin=&#8220;||||false|false&#8220; custom_padding=&#8220;10px|||10px|false|false&#8220; custom_css_main_element=&#8220;display: flex;||align-items: center;&#8220; global_colors_info=&#8220;{}&#8220;]<\/p>\n<h2>Wasser \/ AloeVera f\u00fcr Hunde (Tiere) &amp; Herrchen<\/h2>\n<p>[\/et_pb_text][et_pb_divider color=&#8220;#90b32f&#8220; divider_weight=&#8220;3px&#8220; _builder_version=&#8220;4.14.9&#8243; _module_preset=&#8220;default&#8220; global_colors_info=&#8220;{}&#8220;][\/et_pb_divider][\/et_pb_column][\/et_pb_row][\/et_pb_section][et_pb_section fb_built=&#8220;1&#8243; _builder_version=&#8220;4.14.9&#8243; _module_preset=&#8220;default&#8220; custom_padding=&#8220;0px|||||&#8220; locked=&#8220;off&#8220; global_colors_info=&#8220;{}&#8220;][et_pb_row column_structure=&#8220;1_2,1_2&#8243; _builder_version=&#8220;4.14.9&#8243; _module_preset=&#8220;default&#8220; global_colors_info=&#8220;{}&#8220;][et_pb_column type=&#8220;1_2&#8243; _builder_version=&#8220;4.14.9&#8243; _module_preset=&#8220;default&#8220; global_colors_info=&#8220;{}&#8220;][et_pb_text _builder_version=&#8220;4.14.9&#8243; _module_preset=&#8220;default&#8220; text_line_height=&#8220;1.8em&#8220; global_colors_info=&#8220;{}&#8220;]Nat\u00fcrlich antivirale Wirkung<br \/>\u2705 Die st\u00e4rkste Power f\u00fcr das Immunsystem<br \/>\u2705 Weltweit einzigartige Zusammensetzung<br \/>\u2705 100% frisch gepresster Aloe Vera Saft<br \/>\u2705 Alle Zutaten aus 100% Biozertifiziertem Anbau<br \/>\u2705 100% Vegan<br \/>\u2705 Frei von Konservierungsstoffen<br \/>\u2705 KEINE Pasteurisierung<br \/>\u2705 Weltweit einzigartiges Hochdruck-Konservierungsverfahren![\/et_pb_text][et_pb_text _builder_version=&#8220;4.14.9&#8243; _module_preset=&#8220;default&#8220; text_line_height=&#8220;1.8em&#8220; global_colors_info=&#8220;{}&#8220;]<\/p>\n<p>Reine Bio-Aloe Vera in der EINZIGARTIGEN Kombination mit Bio-Moringa und<br \/>Bio-Cistus Incanus. Diese au\u00dfergew\u00f6hnliche Rezeptur vereint die st\u00e4rksten<br \/>Inhaltsstoffe, die zu Ihrer Gesundheit beitragen k\u00f6nnen.<\/p>\n<p>ALOE VERA +<br \/>Als wohl bekannteste Heilpflanze weltweit wird Aloe Vera seit<br \/>Jahrtausenden f\u00fcr die innere und \u00e4u\u00dfere Heilung angewendet.<\/p>\n<p>MORINGA +<br \/>Moringa gilt mit seinen \u00fcber 90 N\u00e4hrstoffen als das reichhaltigste und<br \/>nat\u00fcrlichste Vitalstoff-Konzentrat der Welt (ausf\u00fchrliche Analysen<br \/>best\u00e4tigen das). Es enth\u00e4lt so viel Vitamin A, B, C und E, Mineralstoffe, Eiwei\u00df,<br \/>Aminos\u00e4uren usw. wie kein anderes Gem\u00fcse oder Obst. Inzwischen gibt<br \/>es \u00fcber 700 Forschungsarbeiten namhafter Wissenschaftler zu Moringa.<\/p>\n<p>CISTUS INCANUS<br \/>Extrakte der Cistus Incanus haben in diversen Studien bereits<br \/>eindrucksvoll bewiesen, dass sie bei viralen Infekten helfen k\u00f6nnen.<br \/>Die geballte Power f\u00fcr Ihr Immunsystem!<\/p>\n<p>[\/et_pb_text][\/et_pb_column][et_pb_column type=&#8220;1_2&#8243; _builder_version=&#8220;4.14.9&#8243; _module_preset=&#8220;default&#8220; global_colors_info=&#8220;{}&#8220;][et_pb_image src=&#8220;https:\/\/danis-hundesalon.de\/wp-content\/uploads\/2024\/02\/AleoVerabild-WhatsApp-Image-2024-02-21-at-20.24.45-002.jpeg&#8220; title_text=&#8220;AleoVerabild-WhatsApp Image 2024-02-21 at 20.24.45 (002)&#8220; _builder_version=&#8220;4.14.9&#8243; _module_preset=&#8220;default&#8220; box_shadow_style=&#8220;preset4&#8243; global_colors_info=&#8220;{}&#8220;][\/et_pb_image][et_pb_text _builder_version=&#8220;4.14.9&#8243; _module_preset=&#8220;default&#8220; text_font=&#8220;|600|on||||||&#8220; text_line_height=&#8220;1.8em&#8220; custom_padding=&#8220;||1px|||&#8220; global_colors_info=&#8220;{}&#8220;][\/et_pb_text][et_pb_button button_url=&#8220;https:\/\/shop.q-life.world?vid=8252608&#8243; button_text=&#8220;Zum Shop&#8220; _builder_version=&#8220;4.14.9&#8243; _module_preset=&#8220;default&#8220; custom_button=&#8220;on&#8220; button_text_color=&#8220;#90b32f&#8220; global_colors_info=&#8220;{}&#8220;][\/et_pb_button][et_pb_button button_url=&#8220;https:\/\/shop.q-life.world?vid=8252608&#8243; button_text=&#8220;Aloe Vera Aktiv Webinar&#8220; _builder_version=&#8220;4.14.9&#8243; _module_preset=&#8220;default&#8220; custom_button=&#8220;on&#8220; button_text_color=&#8220;#90b32f&#8220; hover_enabled=&#8220;0&#8243; global_colors_info=&#8220;{}&#8220; url_new_window=&#8220;on&#8220; sticky_enabled=&#8220;0&#8243;][\/et_pb_button][et_pb_button button_url=&#8220;https:\/\/login.q-life.world\/video.php?id=67&#038;vid=8252608&#8243; button_text=&#8220;Aloe Vera Immun Webinar&#8220; _builder_version=&#8220;4.14.9&#8243; _module_preset=&#8220;default&#8220; custom_button=&#8220;on&#8220; button_text_color=&#8220;#90b32f&#8220; hover_enabled=&#8220;0&#8243; global_colors_info=&#8220;{}&#8220; url_new_window=&#8220;on&#8220; sticky_enabled=&#8220;0&#8243;][\/et_pb_button][\/et_pb_column][\/et_pb_row][et_pb_row _builder_version=&#8220;4.14.9&#8243; _module_preset=&#8220;default&#8220; global_colors_info=&#8220;{}&#8220;][et_pb_column type=&#8220;4_4&#8243; _builder_version=&#8220;4.14.9&#8243; _module_preset=&#8220;default&#8220; global_colors_info=&#8220;{}&#8220;][et_pb_divider color=&#8220;#90b32f&#8220; divider_weight=&#8220;2px&#8220; _builder_version=&#8220;4.14.9&#8243; _module_preset=&#8220;default&#8220; global_colors_info=&#8220;{}&#8220;][\/et_pb_divider][\/et_pb_column][\/et_pb_row][et_pb_row _builder_version=&#8220;4.14.9&#8243; _module_preset=&#8220;default&#8220; custom_margin=&#8220;-7px|auto||auto||&#8220; global_colors_info=&#8220;{}&#8220;][et_pb_column type=&#8220;4_4&#8243; _builder_version=&#8220;4.14.9&#8243; _module_preset=&#8220;default&#8220; global_colors_info=&#8220;{}&#8220;][et_pb_text _builder_version=&#8220;4.14.9&#8243; _module_preset=&#8220;default&#8220; global_colors_info=&#8220;{}&#8220;]<\/p>\n<h3><span style=\"text-decoration: underline;\">Hydroxil<\/span><\/h3>\n<p>[\/et_pb_text][\/et_pb_column][\/et_pb_row][et_pb_row column_structure=&#8220;1_2,1_2&#8243; _builder_version=&#8220;4.14.9&#8243; _module_preset=&#8220;default&#8220; global_colors_info=&#8220;{}&#8220;][et_pb_column type=&#8220;1_2&#8243; _builder_version=&#8220;4.14.9&#8243; _module_preset=&#8220;default&#8220; global_colors_info=&#8220;{}&#8220;][et_pb_image src=&#8220;https:\/\/danis-hundesalon.de\/wp-content\/uploads\/2024\/02\/DVG-WhatsApp-Image-2024-02-21-at-20.17.42.jpeg&#8220; title_text=&#8220;DVG &#8211; WhatsApp Image 2024-02-21 at 20.17.42&#8243; _builder_version=&#8220;4.14.9&#8243; _module_preset=&#8220;default&#8220; global_colors_info=&#8220;{}&#8220;][\/et_pb_image][\/et_pb_column][et_pb_column type=&#8220;1_2&#8243; _builder_version=&#8220;4.14.9&#8243; _module_preset=&#8220;default&#8220; global_colors_info=&#8220;{}&#8220;][et_pb_text _builder_version=&#8220;4.14.9&#8243; _module_preset=&#8220;default&#8220; link_option_url=&#8220;https:\/\/danis-hundesalon.de\/wp-content\/uploads\/2024\/02\/HYDROXIL_Dermatest-2020-komplett.pdf&#8220; global_colors_info=&#8220;{}&#8220;]<\/p>\n<p><strong><\/p>\n<p>Hydroxil f\u00fcr Landwirtschaft &amp; Tierzucht<\/strong><br \/>ist ein alkoholfreies Desinfektionsmittel zur Anwendung im Futtermittelbereich, zur Aufbereitung des Trinkwassers f\u00fcr Tiere sowie zur Desinfektion von Tr\u00e4nken und die Hygiene in St\u00e4llen.<\/p>\n<p>&nbsp;<\/p>\n<p><a href=\"https:\/\/danis-hundesalon.de\/wp-content\/uploads\/2024\/02\/HYDROXIL_Dermatest-2020-komplett.pdf\" target=\"_blank\" rel=\"noopener\"><strong>Hydroxil Dermatest<\/strong><\/a><\/p>\n<p><a href=\"https:\/\/danis-hundesalon.de\/wp-content\/uploads\/2024\/02\/alleskoenner-25_1677746409.pdf\" target=\"_blank\" rel=\"noopener\"><strong>Hydroxil der Allesk\u00f6nner<\/strong><\/a><\/p>\n<p>[\/et_pb_text][et_pb_button button_url=&#8220;https:\/\/login.q-life.world\/video.php?id=85&#038;vid=8252608&#8243; button_text=&#8220;Q-Life Pr\u00e4sentation 10min &#8220; _builder_version=&#8220;4.14.9&#8243; _module_preset=&#8220;default&#8220; custom_button=&#8220;on&#8220; button_text_color=&#8220;#90b32f&#8220; hover_enabled=&#8220;0&#8243; global_colors_info=&#8220;{}&#8220; url_new_window=&#8220;on&#8220; sticky_enabled=&#8220;0&#8243;][\/et_pb_button][et_pb_button button_url=&#8220;https:\/\/login.q-life.world\/video.php?id=52&#038;vid=8252608&#8243; button_text=&#8220;Q-Life Water Webinar mit Markus Mingo&#8220; _builder_version=&#8220;4.14.9&#8243; _module_preset=&#8220;default&#8220; custom_button=&#8220;on&#8220; button_text_color=&#8220;#90b32f&#8220; hover_enabled=&#8220;0&#8243; global_colors_info=&#8220;{}&#8220; url_new_window=&#8220;on&#8220; sticky_enabled=&#8220;0&#8243;][\/et_pb_button][\/et_pb_column][\/et_pb_row][\/et_pb_section]<\/p>\n","protected":false},"excerpt":{"rendered":"<p>Wasser \/ AloeVera f\u00fcr Hunde (Tiere) &amp; HerrchenNat\u00fcrlich antivirale Wirkung\u2705 Die st\u00e4rkste Power f\u00fcr das Immunsystem\u2705 Weltweit einzigartige Zusammensetzung\u2705 100% frisch gepresster Aloe Vera Saft\u2705 Alle Zutaten aus 100% Biozertifiziertem Anbau\u2705 100% Vegan\u2705 Frei von Konservierungsstoffen\u2705 KEINE Pasteurisierung\u2705 Weltweit einzigartiges Hochdruck-Konservierungsverfahren!Reine Bio-Aloe Vera in der EINZIGARTIGEN Kombination mit Bio-Moringa undBio-Cistus Incanus. Diese au\u00dfergew\u00f6hnliche Rezeptur vereint [&hellip;]<\/p>\n","protected":false},"author":2,"featured_media":0,"parent":0,"menu_order":0,"comment_status":"closed","ping_status":"closed","template":"","meta":{"_et_pb_use_builder":"on","_et_pb_old_content":"","_et_gb_content_width":"","footnotes":""},"class_list":["post-577","page","type-page","status-publish","hentry"],"_links":{"self":[{"href":"https:\/\/danis-hundesalon.de\/index.php?rest_route=\/wp\/v2\/pages\/577","targetHints":{"allow":["GET"]}}],"collection":[{"href":"https:\/\/danis-hundesalon.de\/index.php?rest_route=\/wp\/v2\/pages"}],"about":[{"href":"https:\/\/danis-hundesalon.de\/index.php?rest_route=\/wp\/v2\/types\/page"}],"author":[{"embeddable":true,"href":"https:\/\/danis-hundesalon.de\/index.php?rest_route=\/wp\/v2\/users\/2"}],"replies":[{"embeddable":true,"href":"https:\/\/danis-hundesalon.de\/index.php?rest_route=%2Fwp%2Fv2%2Fcomments&post=577"}],"version-history":[{"count":5,"href":"https:\/\/danis-hundesalon.de\/index.php?rest_route=\/wp\/v2\/pages\/577\/revisions"}],"predecessor-version":[{"id":639,"href":"https:\/\/danis-hundesalon.de\/index.php?rest_route=\/wp\/v2\/pages\/577\/revisions\/639"}],"wp:attachment":[{"href":"https:\/\/danis-hundesalon.de\/index.php?rest_route=%2Fwp%2Fv2%2Fmedia&parent=577"}],"curies":[{"name":"wp","href":"https:\/\/api.w.org\/{rel}","templated":true}]}}