{"id":49,"date":"2022-03-18T08:39:46","date_gmt":"2022-03-18T07:39:46","guid":{"rendered":"http:\/\/danis-hundesalon.de\/?page_id=49"},"modified":"2026-04-28T18:10:32","modified_gmt":"2026-04-28T16:10:32","slug":"start","status":"publish","type":"page","link":"https:\/\/danis-hundesalon.de\/","title":{"rendered":"index"},"content":{"rendered":"<p>[et_pb_section fb_built=&#8220;1&#8243; _builder_version=&#8220;4.14.9&#8243; _module_preset=&#8220;default&#8220; custom_padding=&#8220;0px||0px|||&#8220; global_colors_info=&#8220;{}&#8220;][et_pb_row _builder_version=&#8220;4.14.9&#8243; _module_preset=&#8220;default&#8220; custom_padding=&#8220;||7px|||&#8220; global_colors_info=&#8220;{}&#8220;][et_pb_column type=&#8220;4_4&#8243; _builder_version=&#8220;4.14.9&#8243; _module_preset=&#8220;default&#8220; global_colors_info=&#8220;{}&#8220;][et_pb_divider color=&#8220;#90b32f&#8220; divider_weight=&#8220;2px&#8220; _builder_version=&#8220;4.14.9&#8243; _module_preset=&#8220;default&#8220; global_colors_info=&#8220;{}&#8220;][\/et_pb_divider][\/et_pb_column][\/et_pb_row][\/et_pb_section][et_pb_section fb_built=&#8220;1&#8243; _builder_version=&#8220;4.14.9&#8243; _module_preset=&#8220;default&#8220; custom_padding=&#8220;0px||0px|||&#8220; global_colors_info=&#8220;{}&#8220;][et_pb_row _builder_version=&#8220;4.14.9&#8243; _module_preset=&#8220;default&#8220; custom_padding=&#8220;0px||0px|||&#8220; global_colors_info=&#8220;{}&#8220;][et_pb_column type=&#8220;4_4&#8243; _builder_version=&#8220;4.14.9&#8243; _module_preset=&#8220;default&#8220; global_colors_info=&#8220;{}&#8220;][et_pb_slider use_bg_overlay=&#8220;on&#8220; bg_overlay_color=&#8220;#FFFFFF&#8220; arrows_custom_color=&#8220;#000000&#8243; dot_nav_custom_color=&#8220;#000000&#8243; _builder_version=&#8220;4.14.9&#8243; _module_preset=&#8220;default&#8220; custom_padding=&#8220;0px|||||&#8220; hover_enabled=&#8220;0&#8243; global_colors_info=&#8220;{}&#8220; sticky_enabled=&#8220;0&#8243;][et_pb_slide heading=&#8220;Zertifizierte Groomerin &#8211; Ihre Hundefriseurin f\u00fcr die beste Pflege! &#8220; image=&#8220;https:\/\/danis-hundesalon.de\/wp-content\/uploads\/2022\/05\/AdobeStock_194073893-scaled.jpeg&#8220; use_bg_overlay=&#8220;on&#8220; bg_overlay_color=&#8220;#FFFFFF&#8220; use_text_overlay=&#8220;off&#8220; _builder_version=&#8220;4.14.9&#8243; _module_preset=&#8220;default&#8220; header_level=&#8220;h2&#8243; header_text_color=&#8220;#000000&#8243; text_orientation=&#8220;center&#8220; global_colors_info=&#8220;{}&#8220; sticky_transition=&#8220;on&#8220;][\/et_pb_slide][et_pb_slide heading=&#8220;Ganzheitliche Pflege&#8220; button_text=&#8220;Zum Shop&#8220; button_link=&#8220;https:\/\/85bb5210.xantara-partner.de&#8220; image=&#8220;https:\/\/danis-hundesalon.de\/wp-content\/uploads\/2022\/05\/image_6483441-scaled-1.jpg&#8220; _builder_version=&#8220;4.14.9&#8243; _module_preset=&#8220;default&#8220; body_font_size=&#8220;19px&#8220; body_line_height=&#8220;1.8em&#8220; custom_button=&#8220;on&#8220; button_text_color=&#8220;#90b32f&#8220; background_layout=&#8220;light&#8220; global_colors_info=&#8220;{}&#8220; sticky_transition=&#8220;on&#8220;]<\/p>\n<p>Nicht nur die Pflege Ihres Lieblings ist wichtig. Eine gesunde und ausgewogene Ern\u00e4hrung tragen zu einem vitalen und lebensfrohen Haustier bei. In unserem Online Shop finden Sie Tiernahrung aus nat\u00fcrlichen Zutaten.<\/p>\n<p>[\/et_pb_slide][\/et_pb_slider][\/et_pb_column][\/et_pb_row][\/et_pb_section][et_pb_section fb_built=&#8220;1&#8243; _builder_version=&#8220;4.14.9&#8243; _module_preset=&#8220;default&#8220; custom_padding=&#8220;21px||0px|||&#8220; global_colors_info=&#8220;{}&#8220;][et_pb_row _builder_version=&#8220;4.14.9&#8243; _module_preset=&#8220;default&#8220; custom_padding=&#8220;||0px|||&#8220; global_colors_info=&#8220;{}&#8220;][et_pb_column type=&#8220;4_4&#8243; _builder_version=&#8220;4.14.9&#8243; _module_preset=&#8220;default&#8220; global_colors_info=&#8220;{}&#8220;][et_pb_divider color=&#8220;#90b32f&#8220; divider_weight=&#8220;2px&#8220; _builder_version=&#8220;4.14.9&#8243; _module_preset=&#8220;default&#8220; global_colors_info=&#8220;{}&#8220;][\/et_pb_divider][\/et_pb_column][\/et_pb_row][\/et_pb_section][et_pb_section fb_built=&#8220;1&#8243; _builder_version=&#8220;4.14.9&#8243; _module_preset=&#8220;default&#8220; custom_padding=&#8220;0px||0px|||&#8220; global_colors_info=&#8220;{}&#8220;][et_pb_row column_structure=&#8220;1_4,1_4,1_4,1_4&#8243; _builder_version=&#8220;4.14.9&#8243; _module_preset=&#8220;default&#8220; global_colors_info=&#8220;{}&#8220;][et_pb_column type=&#8220;1_4&#8243; _builder_version=&#8220;4.14.9&#8243; _module_preset=&#8220;default&#8220; global_colors_info=&#8220;{}&#8220;][et_pb_blurb title=&#8220;Waschen&#8220; image=&#8220;https:\/\/danis-hundesalon.de\/wp-content\/uploads\/2022\/05\/shower-1.png&#8220; image_icon_width=&#8220;70%&#8220; _builder_version=&#8220;4.14.9&#8243; _module_preset=&#8220;default&#8220; header_level=&#8220;h1&#8243; text_orientation=&#8220;center&#8220; global_colors_info=&#8220;{}&#8220;][\/et_pb_blurb][\/et_pb_column][et_pb_column type=&#8220;1_4&#8243; _builder_version=&#8220;4.14.9&#8243; _module_preset=&#8220;default&#8220; global_colors_info=&#8220;{}&#8220;][et_pb_blurb title=&#8220;Schneiden&#8220; image=&#8220;https:\/\/danis-hundesalon.de\/wp-content\/uploads\/2022\/05\/cut.png&#8220; image_icon_width=&#8220;70%&#8220; _builder_version=&#8220;4.14.9&#8243; _module_preset=&#8220;default&#8220; header_level=&#8220;h1&#8243; text_orientation=&#8220;center&#8220; global_colors_info=&#8220;{}&#8220;][\/et_pb_blurb][\/et_pb_column][et_pb_column type=&#8220;1_4&#8243; _builder_version=&#8220;4.14.9&#8243; _module_preset=&#8220;default&#8220; global_colors_info=&#8220;{}&#8220;][et_pb_blurb title=&#8220;F\u00f6hnen&#8220; image=&#8220;https:\/\/danis-hundesalon.de\/wp-content\/uploads\/2022\/05\/dryer.png&#8220; image_icon_width=&#8220;70%&#8220; _builder_version=&#8220;4.14.9&#8243; _module_preset=&#8220;default&#8220; header_level=&#8220;h1&#8243; text_orientation=&#8220;center&#8220; global_colors_info=&#8220;{}&#8220;][\/et_pb_blurb][\/et_pb_column][et_pb_column type=&#8220;1_4&#8243; _builder_version=&#8220;4.14.9&#8243; _module_preset=&#8220;default&#8220; global_colors_info=&#8220;{}&#8220;][et_pb_blurb title=&#8220;Ern\u00e4hrung&#8220; image=&#8220;https:\/\/danis-hundesalon.de\/wp-content\/uploads\/2022\/05\/food.png&#8220; image_icon_width=&#8220;70%&#8220; _builder_version=&#8220;4.14.9&#8243; _module_preset=&#8220;default&#8220; header_level=&#8220;h1&#8243; text_orientation=&#8220;center&#8220; global_colors_info=&#8220;{}&#8220;][\/et_pb_blurb][\/et_pb_column][\/et_pb_row][\/et_pb_section][et_pb_section fb_built=&#8220;1&#8243; _builder_version=&#8220;4.14.9&#8243; _module_preset=&#8220;default&#8220; custom_margin=&#8220;-5px|||||&#8220; custom_padding=&#8220;4px||1px|||&#8220; global_colors_info=&#8220;{}&#8220;][et_pb_row _builder_version=&#8220;4.14.9&#8243; _module_preset=&#8220;default&#8220; custom_padding=&#8220;16px||6px|||&#8220; global_colors_info=&#8220;{}&#8220;][et_pb_column type=&#8220;4_4&#8243; _builder_version=&#8220;4.14.9&#8243; _module_preset=&#8220;default&#8220; global_colors_info=&#8220;{}&#8220;][et_pb_divider color=&#8220;#90b32f&#8220; divider_weight=&#8220;2px&#8220; _builder_version=&#8220;4.14.9&#8243; _module_preset=&#8220;default&#8220; global_colors_info=&#8220;{}&#8220;][\/et_pb_divider][\/et_pb_column][\/et_pb_row][\/et_pb_section][et_pb_section fb_built=&#8220;1&#8243; _builder_version=&#8220;4.14.9&#8243; _module_preset=&#8220;default&#8220; custom_padding=&#8220;0px||0px|||&#8220; global_colors_info=&#8220;{}&#8220;][et_pb_row column_structure=&#8220;1_2,1_2&#8243; _builder_version=&#8220;4.14.9&#8243; _module_preset=&#8220;default&#8220; custom_css_main_element=&#8220;display: flex;||align-items: center;&#8220; global_colors_info=&#8220;{}&#8220;][et_pb_column type=&#8220;1_2&#8243; _builder_version=&#8220;4.14.9&#8243; _module_preset=&#8220;default&#8220; global_colors_info=&#8220;{}&#8220;][et_pb_image src=&#8220;https:\/\/danis-hundesalon.de\/wp-content\/uploads\/2022\/05\/521541390.jpg&#8220; title_text=&#8220;521541390&#8243; _builder_version=&#8220;4.14.9&#8243; _module_preset=&#8220;default&#8220; box_shadow_style=&#8220;preset4&#8243; global_colors_info=&#8220;{}&#8220;][\/et_pb_image][\/et_pb_column][et_pb_column type=&#8220;1_2&#8243; _builder_version=&#8220;4.14.9&#8243; _module_preset=&#8220;default&#8220; global_colors_info=&#8220;{}&#8220;][et_pb_text _builder_version=&#8220;4.14.9&#8243; _module_preset=&#8220;default&#8220; text_font_size=&#8220;21px&#8220; header_5_letter_spacing=&#8220;1px&#8220; header_5_line_height=&#8220;1.2em&#8220; min_height=&#8220;283px&#8220; custom_padding=&#8220;||0px|||&#8220; global_colors_info=&#8220;{}&#8220;]<\/p>\n<h5>Ich freue mich sehr, dass Sie den Weg zu mir gefunden haben und sich f\u00fcr meine Leistungen rund um die Hundepflege interessieren. Ich biete professionelle Hundepflege, individuell abgestimmt auf die Bed\u00fcrfnisse Ihres Hundes. Zus\u00e4tzlich biete ich Ihnen eine individulelle Beratung mit hochwertigen Pflegeprodukten\/Ern\u00e4hrungsprodukten besonders zum Thema Gesundheit f\u00fcr Ihren Hund\/Liebling an. Die fachgerechte durchf\u00fchrung mit einer entspannten Atmosph\u00e4re, ohne aufkommen von hohem Stress, liegt mir besonders am Herzen. Ich lege hohen Wert auf einen besonderen Guten &amp; respektvollen Umgang.\u00a0<\/h5>\n<h5><\/h5>\n<h5><strong>Meine Leistungen<\/strong><\/h5>\n<ul>\n<li>\n<h5>Baden &amp; F\u00f6hnen<\/h5>\n<\/li>\n<li>\n<h5>Augen- &amp; Ohrenpflege<\/h5>\n<\/li>\n<li>\n<h5>Schneiden &amp; Scheren<\/h5>\n<\/li>\n<li>\n<h5>Trimmen<\/h5>\n<\/li>\n<li>\n<h5>K\u00e4mmen &amp; B\u00fcrsten<\/h5>\n<\/li>\n<li>\n<h5>Carding\/Entfilzen<\/h5>\n<\/li>\n<li>uvm.\u00a0<\/li>\n<\/ul>\n<p>[\/et_pb_text][\/et_pb_column][\/et_pb_row][\/et_pb_section][et_pb_section fb_built=&#8220;1&#8243; _builder_version=&#8220;4.14.9&#8243; _module_preset=&#8220;default&#8220; custom_margin=&#8220;19px|||||&#8220; top_divider_style=&#8220;graph3&#8243; top_divider_color=&#8220;#90b32f&#8220; top_divider_height=&#8220;50px&#8220; bottom_divider_style=&#8220;graph3&#8243; bottom_divider_color=&#8220;#90b32f&#8220; bottom_divider_height=&#8220;50px&#8220; global_colors_info=&#8220;{}&#8220;][et_pb_row column_structure=&#8220;1_2,1_2&#8243; _builder_version=&#8220;4.14.9&#8243; _module_preset=&#8220;default&#8220; custom_padding=&#8220;28px|||||&#8220; custom_css_main_element=&#8220;display: flex;||align-items: center;&#8220; global_colors_info=&#8220;{}&#8220;][et_pb_column type=&#8220;1_2&#8243; _builder_version=&#8220;4.14.9&#8243; _module_preset=&#8220;default&#8220; global_colors_info=&#8220;{}&#8220;][et_pb_text _builder_version=&#8220;4.14.9&#8243; _module_preset=&#8220;default&#8220; text_font_size=&#8220;19px&#8220; custom_margin=&#8220;|-3px||||&#8220; global_colors_info=&#8220;{}&#8220;]<\/p>\n<h2><strong>Preise<\/strong><\/h2>\n<p><strong><\/strong><\/p>\n<p>Mir ist es wichtig, meine Preise fair zu gestalten, daher kann ich hier leider keine genauen Preisangaben machen.<\/p>\n<h1><span style=\"text-decoration: underline;\"><strong>Preisliste<\/strong><\/span><\/h1>\n<table width=\"503\" height=\"758\" style=\"height: 688px;\">\n<tbody>\n<tr style=\"height: 89px;\">\n<td style=\"width: 253.188px; height: 89px;\"><strong>Hundegr\u00f6\u00dfe<\/strong><\/td>\n<td style=\"width: 259.109px; height: 89px;\"><strong>Preisangabe \u2013 Komplettpreise<\/strong><\/td>\n<\/tr>\n<tr style=\"height: 89px;\">\n<td style=\"width: 253.188px; height: 89px;\">\n<p>Kleine Hunde bis Stockma\u00df: 30 cm<\/p>\n<p>zb: Malteser, Havanesen uvm.<\/p>\n<\/td>\n<td style=\"width: 259.109px;\"><strong>45 \u20ac<\/strong>\u00a0 bis <strong>60 \u20ac<\/strong><\/td>\n<\/tr>\n<tr style=\"height: 3px;\">\n<td style=\"width: 253.188px; height: 3px;\"><\/td>\n<td style=\"width: 259.109px; height: 3px;\"><\/td>\n<\/tr>\n<tr style=\"height: 89px;\">\n<td style=\"width: 253.188px; height: 89px;\">Mittlere Hundegr\u00f6\u00dfe bis Stockma\u00df: 45 cm<\/td>\n<td style=\"width: 259.109px; height: 89px;\"><strong>60 \u20ac<\/strong> bis <strong>75 \u20ac<\/strong><\/td>\n<\/tr>\n<tr style=\"height: 3px;\">\n<td style=\"width: 253.188px; height: 3px;\"><\/td>\n<td style=\"width: 259.109px; height: 3px;\"><\/td>\n<\/tr>\n<tr style=\"height: 89px;\">\n<td style=\"width: 253.188px; height: 89px;\">gro\u00dfe Hunde alles was \u00fcber Stockma\u00df: 45 cm<\/td>\n<td style=\"width: 259.109px; height: 89px;\"><strong>75 \u20ac<\/strong> bis \u2026 Aufwandsabh\u00e4ngig!<\/td>\n<\/tr>\n<tr style=\"height: 3px;\">\n<td style=\"width: 253.188px; height: 3px;\"><\/td>\n<td style=\"width: 259.109px; height: 3px;\"><\/td>\n<\/tr>\n<tr style=\"height: 89px;\">\n<td style=\"width: 253.188px; height: 89px;\">Trimmen<\/td>\n<td style=\"width: 259.109px; height: 89px;\">Ab <strong>65 \u20ac<\/strong> bis&#8230; Aufwandsabh\u00e4ngig!<\/td>\n<\/tr>\n<tr style=\"height: 3px;\">\n<td style=\"width: 253.188px; height: 3px;\"><\/td>\n<td style=\"width: 259.109px; height: 3px;\"><\/td>\n<\/tr>\n<tr style=\"height: 97px;\">\n<td style=\"width: 253.188px; height: 97px;\">Zb.: nur Waschen, Krallen schneiden oder&#8230;<\/td>\n<td style=\"width: 259.109px; height: 97px;\">Aufwandsabh\u00e4ngig!<\/td>\n<\/tr>\n<tr style=\"height: 3px;\">\n<td style=\"width: 253.188px; height: 3px;\"><\/td>\n<td style=\"width: 259.109px; height: 3px;\"><\/td>\n<\/tr>\n<tr style=\"height: 97px;\">\n<td style=\"width: 253.188px; height: 97px;\">Arbeit mit Verfilzungen bei Klein oder gro\u00dfen Hunden<\/td>\n<td style=\"width: 259.109px; height: 97px;\">Ab <strong>85 \u20ac<\/strong> bis &#8230; Aufwandsabh\u00e4ngig!<\/td>\n<\/tr>\n<\/tbody>\n<\/table>\n<p><span style=\"font-size: 19px; background-color: #ffffff; font-weight: bold;\">Diverse Eink\u00e4ufe werden gesondert berechnet!<\/span><\/p>\n<p>[\/et_pb_text][\/et_pb_column][et_pb_column type=&#8220;1_2&#8243; _builder_version=&#8220;4.14.9&#8243; _module_preset=&#8220;default&#8220; global_colors_info=&#8220;{}&#8220;][et_pb_image src=&#8220;https:\/\/danis-hundesalon.de\/wp-content\/uploads\/2022\/09\/tip_glas.jpg&#8220; title_text=&#8220;tip_glas&#8220; align=&#8220;center&#8220; _builder_version=&#8220;4.14.9&#8243; _module_preset=&#8220;default&#8220; width=&#8220;50%&#8220; max_width=&#8220;50%&#8220; global_colors_info=&#8220;{}&#8220;][\/et_pb_image][et_pb_text _builder_version=&#8220;4.14.9&#8243; _module_preset=&#8220;default&#8220; text_font_size=&#8220;19px&#8220; global_colors_info=&#8220;{}&#8220;]<\/p>\n<p>&nbsp;<\/p>\n<p>Bei mir haben Sie nat\u00fcrlich auch die M\u00f6glichkeit mit Karte\/Handy zu Zahlen.<\/p>\n<p>&nbsp;<\/p>\n<p>&nbsp;<\/p>\n<p>[\/et_pb_text][et_pb_image src=&#8220;https:\/\/danis-hundesalon.de\/wp-content\/uploads\/2023\/09\/kartenzahlung.jpg&#8220; title_text=&#8220;kartenzahlung&#8220; _builder_version=&#8220;4.14.9&#8243; _module_preset=&#8220;default&#8220; width=&#8220;60%&#8220; max_width=&#8220;60%&#8220; module_alignment=&#8220;center&#8220; global_colors_info=&#8220;{}&#8220;][\/et_pb_image][\/et_pb_column][\/et_pb_row][et_pb_row _builder_version=&#8220;4.14.9&#8243; _module_preset=&#8220;default&#8220; global_colors_info=&#8220;{}&#8220;][et_pb_column type=&#8220;4_4&#8243; _builder_version=&#8220;4.14.9&#8243; _module_preset=&#8220;default&#8220; global_colors_info=&#8220;{}&#8220;][et_pb_text _builder_version=&#8220;4.14.9&#8243; _module_preset=&#8220;default&#8220; text_font_size=&#8220;19px&#8220; global_colors_info=&#8220;{}&#8220;]<\/p>\n<p>Fehlt f\u00fcr ein Geburtstagskind das passende Geschenk oder suchen Sie ein Weihnachtsgeschenk oder oder oder&#8230;..? Dann sind Sie hier doch genau richtig! Gesundheit und Wellness\/Wohlf\u00fchlprogramm in einem &#8211; hier bei Ihrem\u00a0Hundesalon!<\/p>\n<p>[\/et_pb_text][et_pb_image src=&#8220;https:\/\/danis-hundesalon.de\/wp-content\/uploads\/2024\/09\/Gutschein_DHS.jpg&#8220; title_text=&#8220;Gutschein_DHS&#8220; align=&#8220;center&#8220; _builder_version=&#8220;4.14.9&#8243; _module_preset=&#8220;default&#8220; global_colors_info=&#8220;{}&#8220;][\/et_pb_image][\/et_pb_column][\/et_pb_row][\/et_pb_section][et_pb_section fb_built=&#8220;1&#8243; _builder_version=&#8220;4.14.9&#8243; _module_preset=&#8220;default&#8220; custom_padding=&#8220;||0px|||&#8220; global_colors_info=&#8220;{}&#8220;][et_pb_row _builder_version=&#8220;4.14.9&#8243; _module_preset=&#8220;default&#8220; global_colors_info=&#8220;{}&#8220;][et_pb_column type=&#8220;4_4&#8243; _builder_version=&#8220;4.14.9&#8243; _module_preset=&#8220;default&#8220; global_colors_info=&#8220;{}&#8220;][et_pb_image src=&#8220;https:\/\/danis-hundesalon.de\/wp-content\/uploads\/2022\/09\/fr_nessel.jpg&#8220; title_text=&#8220;fr_nessel&#8220; _builder_version=&#8220;4.14.9&#8243; _module_preset=&#8220;default&#8220; width=&#8220;40%&#8220; max_width=&#8220;40%&#8220; module_alignment=&#8220;center&#8220; custom_margin=&#8220;||3px|||&#8220; global_colors_info=&#8220;{}&#8220;][\/et_pb_image][\/et_pb_column][\/et_pb_row][et_pb_row _builder_version=&#8220;4.14.9&#8243; _module_preset=&#8220;default&#8220; global_colors_info=&#8220;{}&#8220;][et_pb_column type=&#8220;4_4&#8243; _builder_version=&#8220;4.14.9&#8243; _module_preset=&#8220;default&#8220; global_colors_info=&#8220;{}&#8220;][et_pb_divider color=&#8220;#90b32f&#8220; divider_weight=&#8220;2px&#8220; _builder_version=&#8220;4.14.9&#8243; _module_preset=&#8220;default&#8220; global_colors_info=&#8220;{}&#8220;][\/et_pb_divider][\/et_pb_column][\/et_pb_row][\/et_pb_section][et_pb_section fb_built=&#8220;1&#8243; _builder_version=&#8220;4.14.9&#8243; _module_preset=&#8220;default&#8220; custom_padding=&#8220;0px|||||&#8220; hover_enabled=&#8220;0&#8243; global_colors_info=&#8220;{}&#8220; sticky_enabled=&#8220;0&#8243;][et_pb_row _builder_version=&#8220;4.14.9&#8243; _module_preset=&#8220;default&#8220; background_color=&#8220;#e2e2e2&#8243; box_shadow_style=&#8220;preset4&#8243; box_shadow_color=&#8220;rgba(144,179,47,0.27)&#8220; global_colors_info=&#8220;{}&#8220;][et_pb_column type=&#8220;4_4&#8243; _builder_version=&#8220;4.14.9&#8243; _module_preset=&#8220;default&#8220; global_colors_info=&#8220;{}&#8220;][et_pb_gallery gallery_ids=&#8220;257,261,262,264,263,281,466,708,707,706,705,704,703,702,701,700,699,721,725,736,735,747,755,754,764,828&#8243; fullwidth=&#8220;on&#8220; _builder_version=&#8220;4.14.9&#8243; _module_preset=&#8220;default&#8220; width=&#8220;39%&#8220; module_alignment=&#8220;center&#8220; hover_enabled=&#8220;0&#8243; global_colors_info=&#8220;{}&#8220; sticky_enabled=&#8220;0&#8243;][\/et_pb_gallery][\/et_pb_column][\/et_pb_row][\/et_pb_section]<\/p>\n","protected":false},"excerpt":{"rendered":"<p>Nicht nur die Pflege Ihres Lieblings ist wichtig. Eine gesunde und ausgewogene Ern\u00e4hrung tragen zu einem vitalen und lebensfrohen Haustier bei. In unserem Online Shop finden Sie Tiernahrung aus nat\u00fcrlichen Zutaten.Ich freue mich sehr, dass Sie den Weg zu mir gefunden haben und sich f\u00fcr meine Leistungen rund um die Hundepflege interessieren. Ich biete professionelle [&hellip;]<\/p>\n","protected":false},"author":2,"featured_media":0,"parent":0,"menu_order":0,"comment_status":"closed","ping_status":"closed","template":"","meta":{"_et_pb_use_builder":"on","_et_pb_old_content":"","_et_gb_content_width":"","footnotes":""},"class_list":["post-49","page","type-page","status-publish","hentry"],"_links":{"self":[{"href":"https:\/\/danis-hundesalon.de\/index.php?rest_route=\/wp\/v2\/pages\/49","targetHints":{"allow":["GET"]}}],"collection":[{"href":"https:\/\/danis-hundesalon.de\/index.php?rest_route=\/wp\/v2\/pages"}],"about":[{"href":"https:\/\/danis-hundesalon.de\/index.php?rest_route=\/wp\/v2\/types\/page"}],"author":[{"embeddable":true,"href":"https:\/\/danis-hundesalon.de\/index.php?rest_route=\/wp\/v2\/users\/2"}],"replies":[{"embeddable":true,"href":"https:\/\/danis-hundesalon.de\/index.php?rest_route=%2Fwp%2Fv2%2Fcomments&post=49"}],"version-history":[{"count":22,"href":"https:\/\/danis-hundesalon.de\/index.php?rest_route=\/wp\/v2\/pages\/49\/revisions"}],"predecessor-version":[{"id":930,"href":"https:\/\/danis-hundesalon.de\/index.php?rest_route=\/wp\/v2\/pages\/49\/revisions\/930"}],"wp:attachment":[{"href":"https:\/\/danis-hundesalon.de\/index.php?rest_route=%2Fwp%2Fv2%2Fmedia&parent=49"}],"curies":[{"name":"wp","href":"https:\/\/api.w.org\/{rel}","templated":true}]}}